{"id":5222,"date":"2025-04-22T01:38:55","date_gmt":"2025-04-22T01:38:55","guid":{"rendered":"https:\/\/puertoexperience.com\/?page_id=5222"},"modified":"2025-07-22T01:54:44","modified_gmt":"2025-07-22T01:54:44","slug":"marina-vallarta","status":"publish","type":"page","link":"https:\/\/puertoexperience.com\/en\/marina-vallarta\/","title":{"rendered":"Marina Vallarta"},"content":{"rendered":"<div data-elementor-type=\"wp-page\" data-elementor-id=\"5222\" class=\"elementor elementor-5222\" data-elementor-post-type=\"page\">\n\t\t\t\t\t\t<section class=\"elementor-section elementor-top-section elementor-element elementor-element-e4af622 elementor-section-boxed elementor-section-height-default elementor-section-height-default\" data-id=\"e4af622\" data-element_type=\"section\">\n\t\t\t\t\t\t\t<div class=\"elementor-background-overlay\"><\/div>\n\t\t\t\t\t\t\t<div class=\"elementor-container elementor-column-gap-default\">\n\t\t\t\t\t<div class=\"elementor-column elementor-col-100 elementor-top-column elementor-element elementor-element-84df992\" data-id=\"84df992\" data-element_type=\"column\">\n\t\t\t<div class=\"elementor-widget-wrap\">\n\t\t\t\t\t\t\t<\/div>\n\t\t<\/div>\n\t\t\t\t\t<\/div>\n\t\t<\/section>\n\t\t\t\t<section class=\"elementor-section elementor-top-section elementor-element elementor-element-cf4fedc elementor-section-boxed elementor-section-height-default elementor-section-height-default\" data-id=\"cf4fedc\" data-element_type=\"section\">\n\t\t\t\t\t\t<div class=\"elementor-container elementor-column-gap-default\">\n\t\t\t\t\t<div class=\"elementor-column elementor-col-100 elementor-top-column elementor-element elementor-element-2ebaf4d\" data-id=\"2ebaf4d\" data-element_type=\"column\">\n\t\t\t<div class=\"elementor-widget-wrap elementor-element-populated\">\n\t\t\t\t\t\t<div class=\"elementor-element elementor-element-49525b1 elementor-widget elementor-widget-heading\" data-id=\"49525b1\" data-element_type=\"widget\" data-widget_type=\"heading.default\">\n\t\t\t\t<div class=\"elementor-widget-container\">\n\t\t\t\t\t<h2 class=\"elementor-heading-title elementor-size-default\">Marina Vallarta\nWhat to Know About Marina Vallarta:<\/h2>\t\t\t\t<\/div>\n\t\t\t\t<\/div>\n\t\t\t\t<div class=\"elementor-element elementor-element-0f27e2d elementor-widget elementor-widget-text-editor\" data-id=\"0f27e2d\" data-element_type=\"widget\" data-widget_type=\"text-editor.default\">\n\t\t\t\t<div class=\"elementor-widget-container\">\n\t\t\t\t\t\t\t\t\t<h4 class=\"wpte-overview-title\">Description<\/h4><h4 class=\"wp-block-heading\">Vallarta Airport to Marina Vallarta<\/h4><p><strong>Puerto Experience<\/strong>\u00a0offers a comfortable and pleasant transfer from Puerto Vallarta International Airport to the beautiful Marina Vallarta area. During this journey, passengers will enjoy incredible views that highlight the region's natural beauty.<\/p>\t\t\t\t\t\t\t\t<\/div>\n\t\t\t\t<\/div>\n\t\t\t\t\t<\/div>\n\t\t<\/div>\n\t\t\t\t\t<\/div>\n\t\t<\/section>\n\t\t\t\t<section class=\"elementor-section elementor-top-section elementor-element elementor-element-b0488a9 elementor-section-boxed elementor-section-height-default elementor-section-height-default\" data-id=\"b0488a9\" data-element_type=\"section\">\n\t\t\t\t\t\t<div class=\"elementor-container elementor-column-gap-default\">\n\t\t\t\t\t<div class=\"elementor-column elementor-col-33 elementor-top-column elementor-element elementor-element-32a5f54\" data-id=\"32a5f54\" data-element_type=\"column\">\n\t\t\t<div class=\"elementor-widget-wrap elementor-element-populated\">\n\t\t\t\t\t\t<div class=\"elementor-element elementor-element-488fb73 elementor-widget elementor-widget-image\" data-id=\"488fb73\" data-element_type=\"widget\" data-widget_type=\"image.default\">\n\t\t\t\t<div class=\"elementor-widget-container\">\n\t\t\t\t\t\t\t\t\t\t\t\t\t\t\t<img fetchpriority=\"high\" decoding=\"async\" width=\"1024\" height=\"576\" src=\"https:\/\/puertoexperience.com\/wp-content\/uploads\/2025\/04\/marina-vallarta-1024x576.jpg\" class=\"attachment-large size-large wp-image-5249\" alt=\"\" srcset=\"https:\/\/puertoexperience.com\/wp-content\/uploads\/2025\/04\/marina-vallarta-1024x576.jpg 1024w, https:\/\/puertoexperience.com\/wp-content\/uploads\/2025\/04\/marina-vallarta-300x169.jpg 300w, https:\/\/puertoexperience.com\/wp-content\/uploads\/2025\/04\/marina-vallarta-768x432.jpg 768w, https:\/\/puertoexperience.com\/wp-content\/uploads\/2025\/04\/marina-vallarta-1536x864.jpg 1536w, https:\/\/puertoexperience.com\/wp-content\/uploads\/2025\/04\/marina-vallarta-600x338.jpg 600w, https:\/\/puertoexperience.com\/wp-content\/uploads\/2025\/04\/marina-vallarta.jpg 1920w\" sizes=\"(max-width: 1024px) 100vw, 1024px\" \/>\t\t\t\t\t\t\t\t\t\t\t\t\t\t\t<\/div>\n\t\t\t\t<\/div>\n\t\t\t\t\t<\/div>\n\t\t<\/div>\n\t\t\t\t<div class=\"elementor-column elementor-col-33 elementor-top-column elementor-element elementor-element-e4837d4\" data-id=\"e4837d4\" data-element_type=\"column\">\n\t\t\t<div class=\"elementor-widget-wrap elementor-element-populated\">\n\t\t\t\t\t\t<div class=\"elementor-element elementor-element-6b91fde elementor-widget elementor-widget-heading\" data-id=\"6b91fde\" data-element_type=\"widget\" data-widget_type=\"heading.default\">\n\t\t\t\t<div class=\"elementor-widget-container\">\n\t\t\t\t\t<h2 class=\"elementor-heading-title elementor-size-default\">Marina Vallarta<\/h2>\t\t\t\t<\/div>\n\t\t\t\t<\/div>\n\t\t\t\t<div class=\"elementor-element elementor-element-5638c9f elementor-icon-list--layout-traditional elementor-list-item-link-full_width elementor-widget elementor-widget-icon-list\" data-id=\"5638c9f\" data-element_type=\"widget\" data-widget_type=\"icon-list.default\">\n\t\t\t\t<div class=\"elementor-widget-container\">\n\t\t\t\t\t\t\t<ul class=\"elementor-icon-list-items\">\n\t\t\t\t\t\t\t<li class=\"elementor-icon-list-item\">\n\t\t\t\t\t\t\t\t\t\t\t<span class=\"elementor-icon-list-icon\">\n\t\t\t\t\t\t\t<i aria-hidden=\"true\" class=\"fas fa-map-marker-alt\"><\/i>\t\t\t\t\t\t<\/span>\n\t\t\t\t\t\t\t\t\t\t<span class=\"elementor-icon-list-text\">Marina Vallarta Zone 1A<\/span>\n\t\t\t\t\t\t\t\t\t<\/li>\n\t\t\t\t\t\t\t\t<li class=\"elementor-icon-list-item\">\n\t\t\t\t\t\t\t\t\t\t\t<span class=\"elementor-icon-list-icon\">\n\t\t\t\t\t\t\t<i aria-hidden=\"true\" class=\"fas fa-hourglass-start\"><\/i>\t\t\t\t\t\t<\/span>\n\t\t\t\t\t\t\t\t\t\t<span class=\"elementor-icon-list-text\">15 Minutes<\/span>\n\t\t\t\t\t\t\t\t\t<\/li>\n\t\t\t\t\t\t\t\t<li class=\"elementor-icon-list-item\">\n\t\t\t\t\t\t\t\t\t\t\t<span class=\"elementor-icon-list-icon\">\n\t\t\t\t\t\t\t<i aria-hidden=\"true\" class=\"fas fa-people-arrows\"><\/i>\t\t\t\t\t\t<\/span>\n\t\t\t\t\t\t\t\t\t\t<span class=\"elementor-icon-list-text\">1-12 People <\/span>\n\t\t\t\t\t\t\t\t\t<\/li>\n\t\t\t\t\t\t<\/ul>\n\t\t\t\t\t\t<\/div>\n\t\t\t\t<\/div>\n\t\t\t\t<div class=\"elementor-element elementor-element-c6b9238 elementor-align-justify elementor-widget elementor-widget-button\" data-id=\"c6b9238\" data-element_type=\"widget\" data-widget_type=\"button.default\">\n\t\t\t\t<div class=\"elementor-widget-container\">\n\t\t\t\t\t\t\t\t\t<div class=\"elementor-button-wrapper\">\n\t\t\t\t\t<a class=\"elementor-button elementor-button-link elementor-size-sm\" href=\"https:\/\/puertoexperience.com\/en\/reservaciones-pe\/\">\n\t\t\t\t\t\t<span class=\"elementor-button-content-wrapper\">\n\t\t\t\t\t\t<span class=\"elementor-button-icon\">\n\t\t\t\t<i aria-hidden=\"true\" class=\"fas fa-arrow-alt-circle-right\"><\/i>\t\t\t<\/span>\n\t\t\t\t\t\t\t\t\t<span class=\"elementor-button-text\">Booking<\/span>\n\t\t\t\t\t<\/span>\n\t\t\t\t\t<\/a>\n\t\t\t\t<\/div>\n\t\t\t\t\t\t\t\t<\/div>\n\t\t\t\t<\/div>\n\t\t\t\t\t<\/div>\n\t\t<\/div>\n\t\t\t\t<div class=\"elementor-column elementor-col-33 elementor-top-column elementor-element elementor-element-bbcdd5a\" data-id=\"bbcdd5a\" data-element_type=\"column\">\n\t\t\t<div class=\"elementor-widget-wrap elementor-element-populated\">\n\t\t\t\t\t\t<div class=\"elementor-element elementor-element-ef28fdb elementor-widget__width-initial elementor-icon-list--layout-traditional elementor-list-item-link-full_width elementor-widget elementor-widget-icon-list\" data-id=\"ef28fdb\" data-element_type=\"widget\" data-widget_type=\"icon-list.default\">\n\t\t\t\t<div class=\"elementor-widget-container\">\n\t\t\t\t\t\t\t<ul class=\"elementor-icon-list-items\">\n\t\t\t\t\t\t\t<li class=\"elementor-icon-list-item\">\n\t\t\t\t\t\t\t\t\t\t\t<span class=\"elementor-icon-list-icon\">\n\t\t\t\t\t\t\t<i aria-hidden=\"true\" class=\"fas fa-car-side\"><\/i>\t\t\t\t\t\t<\/span>\n\t\t\t\t\t\t\t\t\t\t<span class=\"elementor-icon-list-text\">One-way Sedan       <b>  $40 USD<\/b> 1-3 People<\/span>\n\t\t\t\t\t\t\t\t\t<\/li>\n\t\t\t\t\t\t\t\t<li class=\"elementor-icon-list-item\">\n\t\t\t\t\t\t\t\t\t\t\t<span class=\"elementor-icon-list-icon\">\n\t\t\t\t\t\t\t<i aria-hidden=\"true\" class=\"fas fa-car-side\"><\/i>\t\t\t\t\t\t<\/span>\n\t\t\t\t\t\t\t\t\t\t<span class=\"elementor-icon-list-text\">Round Sedan   <b>  $80 USD <\/b>1-3 People<\/span>\n\t\t\t\t\t\t\t\t\t<\/li>\n\t\t\t\t\t\t\t\t<li class=\"elementor-icon-list-item\">\n\t\t\t\t\t\t\t\t\t\t\t<span class=\"elementor-icon-list-icon\">\n\t\t\t\t\t\t\t<i aria-hidden=\"true\" class=\"fas fa-shuttle-van\"><\/i>\t\t\t\t\t\t<\/span>\n\t\t\t\t\t\t\t\t\t\t<span class=\"elementor-icon-list-text\">Suburban one way   <b>$89 USD <\/b>1-5 People<\/span>\n\t\t\t\t\t\t\t\t\t<\/li>\n\t\t\t\t\t\t\t\t<li class=\"elementor-icon-list-item\">\n\t\t\t\t\t\t\t\t\t\t\t<span class=\"elementor-icon-list-icon\">\n\t\t\t\t\t\t\t<i aria-hidden=\"true\" class=\"fas fa-shuttle-van\"><\/i>\t\t\t\t\t\t<\/span>\n\t\t\t\t\t\t\t\t\t\t<span class=\"elementor-icon-list-text\">Suburbanan Roud <b>$178 USD <\/b>1-5 People<\/span>\n\t\t\t\t\t\t\t\t\t<\/li>\n\t\t\t\t\t\t\t\t<li class=\"elementor-icon-list-item\">\n\t\t\t\t\t\t\t\t\t\t\t<span class=\"elementor-icon-list-icon\">\n\t\t\t\t\t\t\t<i aria-hidden=\"true\" class=\"fas fa-shuttle-van\"><\/i>\t\t\t\t\t\t<\/span>\n\t\t\t\t\t\t\t\t\t\t<span class=\"elementor-icon-list-text\">One way Splinter <b>$118 USD <\/b>1-12 People<\/span>\n\t\t\t\t\t\t\t\t\t<\/li>\n\t\t\t\t\t\t\t\t<li class=\"elementor-icon-list-item\">\n\t\t\t\t\t\t\t\t\t\t\t<span class=\"elementor-icon-list-icon\">\n\t\t\t\t\t\t\t<i aria-hidden=\"true\" class=\"fas fa-shuttle-van\"><\/i>\t\t\t\t\t\t<\/span>\n\t\t\t\t\t\t\t\t\t\t<span class=\"elementor-icon-list-text\">Round Splinter <b>$236 USD <\/b>1-12 People<\/span>\n\t\t\t\t\t\t\t\t\t<\/li>\n\t\t\t\t\t\t<\/ul>\n\t\t\t\t\t\t<\/div>\n\t\t\t\t<\/div>\n\t\t\t\t\t<\/div>\n\t\t<\/div>\n\t\t\t\t\t<\/div>\n\t\t<\/section>\n\t\t\t\t<section class=\"elementor-section elementor-top-section elementor-element elementor-element-76f271f elementor-section-boxed elementor-section-height-default elementor-section-height-default\" data-id=\"76f271f\" data-element_type=\"section\">\n\t\t\t\t\t\t<div class=\"elementor-container elementor-column-gap-default\">\n\t\t\t\t\t<div class=\"elementor-column elementor-col-100 elementor-top-column elementor-element elementor-element-560aa32\" data-id=\"560aa32\" data-element_type=\"column\">\n\t\t\t<div class=\"elementor-widget-wrap elementor-element-populated\">\n\t\t\t\t\t\t<div class=\"elementor-element elementor-element-3251ba7 elementor-widget elementor-widget-text-editor\" data-id=\"3251ba7\" data-element_type=\"widget\" data-widget_type=\"text-editor.default\">\n\t\t\t\t<div class=\"elementor-widget-container\">\n\t\t\t\t\t\t\t\t\t<h4 class=\"wp-block-heading\">Trip Details:<\/h4><ul class=\"wp-block-list\"><li><strong>Duration<\/strong>: Approximately 10-15 minutes, depending on traffic.<\/li><li><strong>Comfort<\/strong>The vehicles are modern and spacious, designed to ensure a pleasant journey. The drivers are friendly and professional, providing exceptional customer service.<\/li><li><strong>Spectacular Views<\/strong>:<br \/><ul class=\"wp-block-list\"><li>As you drive away from the airport, you'll appreciate the tropical landscape, with lush vegetation and palm trees.<\/li><li>The path offers views of the Pacific Ocean, where the sky and sea combine in stunning shades of blue.<\/li><li>See the beautiful yachts in the marina, as well as the luxurious villas that dot the coast.<\/li><\/ul><\/li><li><strong>Destinos en Marina Vallarta<\/strong>:<br \/><ul class=\"wp-block-list\"><li>The trip takes you to several outstanding hotels, from all-inclusive resorts to charming oceanfront boutiques, where hospitality and comfort are the norm.<\/li><\/ul><\/li><\/ul><h4 class=\"wp-block-heading\">Conclusion<\/h4><p>The transfer is not just a simple ride, but a wonderful introduction to what Marina Vallarta has to offer. With every mile traveled, the anticipation of a memorable vacation increases, making this arrival trip a memorable part of your Puerto Vallarta experience.<\/p>\t\t\t\t\t\t\t\t<\/div>\n\t\t\t\t<\/div>\n\t\t\t\t\t<\/div>\n\t\t<\/div>\n\t\t\t\t\t<\/div>\n\t\t<\/section>\n\t\t\t\t<section class=\"elementor-section elementor-top-section elementor-element elementor-element-eed2e5a elementor-section-boxed elementor-section-height-default elementor-section-height-default\" data-id=\"eed2e5a\" data-element_type=\"section\">\n\t\t\t\t\t\t<div class=\"elementor-container elementor-column-gap-default\">\n\t\t\t\t\t<div class=\"elementor-column elementor-col-100 elementor-top-column elementor-element elementor-element-4397900\" data-id=\"4397900\" data-element_type=\"column\">\n\t\t\t<div class=\"elementor-widget-wrap elementor-element-populated\">\n\t\t\t\t\t\t<div class=\"elementor-element elementor-element-76cf8fe elementor-widget elementor-widget-text-editor\" data-id=\"76cf8fe\" data-element_type=\"widget\" data-widget_type=\"text-editor.default\">\n\t\t\t\t<div class=\"elementor-widget-container\">\n\t\t\t\t\t\t\t\t\t<div class=\"wte-itinerary-head-wrap\"><h4 class=\"itinerary-title\"><strong><span style=\"color: #000000;\">Hotels in Marina Vallarta<\/span><\/strong><\/h4><\/div><div class=\"itinerary-content show\"><div class=\"content\"><p>Mel\u00eda Puerto Vallarta<br \/>Holiday Inn &amp; Suites<br \/>Marriot Puerto Vallarta<br \/>The Westin Resort &amp; Spa<br \/>Club Regina<br \/>Vamar Vallarta<br \/>Velas Vallarta<br \/>San Tr\u00f3pico<br \/>One Puerto Vallarta<br \/>Nima Bay<br \/>Crown Paradise<br \/>City Express Plus<\/p><\/div><\/div>\t\t\t\t\t\t\t\t<\/div>\n\t\t\t\t<\/div>\n\t\t\t\t\t<\/div>\n\t\t<\/div>\n\t\t\t\t\t<\/div>\n\t\t<\/section>\n\t\t\t\t<section class=\"elementor-section elementor-top-section elementor-element elementor-element-62f8024 elementor-section-boxed elementor-section-height-default elementor-section-height-default\" data-id=\"62f8024\" data-element_type=\"section\">\n\t\t\t\t\t\t<div class=\"elementor-container elementor-column-gap-default\">\n\t\t\t\t\t<div class=\"elementor-column elementor-col-100 elementor-top-column elementor-element elementor-element-154313f\" data-id=\"154313f\" data-element_type=\"column\">\n\t\t\t<div class=\"elementor-widget-wrap elementor-element-populated\">\n\t\t\t\t\t\t<div class=\"elementor-element elementor-element-91d5d58 elementor-widget elementor-widget-text-editor\" data-id=\"91d5d58\" data-element_type=\"widget\" data-widget_type=\"text-editor.default\">\n\t\t\t\t<div class=\"elementor-widget-container\">\n\t\t\t\t\t\t\t\t\t<h2 class=\"wpte-cost-tab-title\">Inclusions and Exclusions<\/h2>\n<div class=\"content\">\n<h3>The Price includes<\/h3>\n<ul id=\"include-result\">\n<li><strong>Ground transportation:<\/strong> The cost includes transportation from the airport to Marina Vallarta.<\/li>\n<li><strong>Airport assistance:<\/strong> The trip includes assistance from an airport representative to assist with transportation.<\/li>\n<li><strong>Passenger insurance:<\/strong> Basic passenger insurance is included during the transfer.<\/li>\n<li><strong>Collection point:<\/strong> The price includes the possibility of being picked up at the airport arrivals area.<\/li>\n<li><strong>Waiting allowed:<\/strong> The cost considers a reasonable wait time in case of flight delays.<\/li>\n<li><strong>Luggage transport:<\/strong> Includes the transfer of up to two pieces of luggage per passenger.<\/li>\n<\/ul>\n<\/div>\n<div class=\"content\">\n<h3>The price does not include<\/h3>\n<ul id=\"exclude-result\">\n<li><strong>Food and drinks:<\/strong> The price of the trip does not include food or drinks.<\/li>\n<li><strong>Tips:<\/strong> Any tips for the driver or support staff are not included in the cost.<\/li>\n<li><strong>Additional services:<\/strong> Any additional services, such as luggage delivery or transfers to other destinations, are not covered.<\/li>\n<li><strong>Additional insurance:<\/strong> Additional insurance covering special situations is not included.<\/li>\n<li><strong>Change of route:<\/strong> If the passenger requests a change in the route, this is not included in the original price.<\/li>\n<\/ul>\n<\/div>\t\t\t\t\t\t\t\t<\/div>\n\t\t\t\t<\/div>\n\t\t\t\t\t<\/div>\n\t\t<\/div>\n\t\t\t\t\t<\/div>\n\t\t<\/section>\n\t\t\t\t<section class=\"elementor-section elementor-top-section elementor-element elementor-element-cb525ed elementor-section-boxed elementor-section-height-default elementor-section-height-default\" data-id=\"cb525ed\" data-element_type=\"section\">\n\t\t\t\t\t\t<div class=\"elementor-container elementor-column-gap-default\">\n\t\t\t\t\t<div class=\"elementor-column elementor-col-100 elementor-top-column elementor-element elementor-element-ddb51e4\" data-id=\"ddb51e4\" data-element_type=\"column\">\n\t\t\t<div class=\"elementor-widget-wrap elementor-element-populated\">\n\t\t\t\t\t\t<div class=\"elementor-element elementor-element-61403bf elementor-align-justify elementor-widget elementor-widget-button\" data-id=\"61403bf\" data-element_type=\"widget\" data-widget_type=\"button.default\">\n\t\t\t\t<div class=\"elementor-widget-container\">\n\t\t\t\t\t\t\t\t\t<div class=\"elementor-button-wrapper\">\n\t\t\t\t\t<a class=\"elementor-button elementor-button-link elementor-size-sm\" href=\"https:\/\/puertoexperience.com\/en\/reservaciones-pe\/\">\n\t\t\t\t\t\t<span class=\"elementor-button-content-wrapper\">\n\t\t\t\t\t\t<span class=\"elementor-button-icon\">\n\t\t\t\t<i aria-hidden=\"true\" class=\"fas fa-arrow-alt-circle-right\"><\/i>\t\t\t<\/span>\n\t\t\t\t\t\t\t\t\t<span class=\"elementor-button-text\">Booking<\/span>\n\t\t\t\t\t<\/span>\n\t\t\t\t\t<\/a>\n\t\t\t\t<\/div>\n\t\t\t\t\t\t\t\t<\/div>\n\t\t\t\t<\/div>\n\t\t\t\t\t<\/div>\n\t\t<\/div>\n\t\t\t\t\t<\/div>\n\t\t<\/section>\n\t\t\t\t<section class=\"elementor-section elementor-top-section elementor-element elementor-element-704808d elementor-section-boxed elementor-section-height-default elementor-section-height-default\" data-id=\"704808d\" data-element_type=\"section\">\n\t\t\t\t\t\t<div class=\"elementor-container elementor-column-gap-default\">\n\t\t\t\t\t<div class=\"elementor-column elementor-col-100 elementor-top-column elementor-element elementor-element-7b80699\" data-id=\"7b80699\" data-element_type=\"column\">\n\t\t\t<div class=\"elementor-widget-wrap elementor-element-populated\">\n\t\t\t\t\t\t<div class=\"elementor-element elementor-element-3aed59c elementor-widget elementor-widget-heading\" data-id=\"3aed59c\" data-element_type=\"widget\" data-widget_type=\"heading.default\">\n\t\t\t\t<div class=\"elementor-widget-container\">\n\t\t\t\t\t<h2 class=\"elementor-heading-title elementor-size-default\">Marina Vallarta Map<\/h2>\t\t\t\t<\/div>\n\t\t\t\t<\/div>\n\t\t\t\t<div class=\"elementor-element elementor-element-2f443fe elementor-widget elementor-widget-text-editor\" data-id=\"2f443fe\" data-element_type=\"widget\" data-widget_type=\"text-editor.default\">\n\t\t\t\t<div class=\"elementor-widget-container\">\n\t\t\t\t\t\t\t\t\t<iframe data-src=\"https:\/\/www.google.com\/maps\/embed?pb=!1m18!1m12!1m3!1d14932.545785964208!2d-105.26583726821069!3d20.66402712170189!2m3!1f0!2f0!3f0!3m2!1i1024!2i768!4f13.1!3m3!1m2!1s0x842145b7692289d9%3A0x61b892500d166a6a!2sMarina%20Vallarta%2C%2048335%20Puerto%20Vallarta%2C%20Jal.!5e0!3m2!1ses-419!2smx!4v1745289994820!5m2!1ses-419!2smx\" width=\"600\" height=\"450\" style=\"border:0;\" allowfullscreen=\"\" referrerpolicy=\"no-referrer-when-downgrade\" src=\"data:image\/svg+xml;base64,PHN2ZyB3aWR0aD0iMSIgaGVpZ2h0PSIxIiB4bWxucz0iaHR0cDovL3d3dy53My5vcmcvMjAwMC9zdmciPjwvc3ZnPg==\" class=\"lazyload\" data-load-mode=\"1\"><\/iframe>\t\t\t\t\t\t\t\t<\/div>\n\t\t\t\t<\/div>\n\t\t\t\t\t<\/div>\n\t\t<\/div>\n\t\t\t\t\t<\/div>\n\t\t<\/section>\n\t\t\t\t<\/div>","protected":false},"excerpt":{"rendered":"<p>Marina Vallarta Que Saber sobre Marina Vallarta: Descripci\u00f3n Aeropuerto de Vallarta a Marina Vallarta Puerto Experience\u00a0ofrece un traslado c\u00f3modo y placentero desde el Aeropuerto Internacional de Puerto Vallarta hacia la hermosa \u00e1rea de Marina Vallarta. Durante este trayecto, los pasajeros disfrutar\u00e1n de incre\u00edbles vistas que destacan la belleza natural de la regi\u00f3n. Marina Vallarta Marina &hellip;<\/p>\n<p class=\"read-more\"> <a class=\"\" href=\"https:\/\/puertoexperience.com\/en\/marina-vallarta\/\"> <span class=\"screen-reader-text\">Marina Vallarta<\/span> Read More &raquo;<\/a><\/p>","protected":false},"author":1,"featured_media":0,"parent":0,"menu_order":0,"comment_status":"closed","ping_status":"closed","template":"","meta":{"site-sidebar-layout":"no-sidebar","site-content-layout":"page-builder","ast-global-header-display":"","ast-main-header-display":"","ast-hfb-above-header-display":"","ast-hfb-below-header-display":"","ast-hfb-mobile-header-display":"","site-post-title":"disabled","ast-breadcrumbs-content":"","ast-featured-img":"disabled","footer-sml-layout":"","theme-transparent-header-meta":"","adv-header-id-meta":"","stick-header-meta":"","header-above-stick-meta":"","header-main-stick-meta":"","header-below-stick-meta":"","_glsr_average":0,"_glsr_ranking":0,"_glsr_reviews":0,"footnotes":""},"class_list":["post-5222","page","type-page","status-publish","hentry"],"_links":{"self":[{"href":"https:\/\/puertoexperience.com\/en\/wp-json\/wp\/v2\/pages\/5222","targetHints":{"allow":["GET"]}}],"collection":[{"href":"https:\/\/puertoexperience.com\/en\/wp-json\/wp\/v2\/pages"}],"about":[{"href":"https:\/\/puertoexperience.com\/en\/wp-json\/wp\/v2\/types\/page"}],"author":[{"embeddable":true,"href":"https:\/\/puertoexperience.com\/en\/wp-json\/wp\/v2\/users\/1"}],"replies":[{"embeddable":true,"href":"https:\/\/puertoexperience.com\/en\/wp-json\/wp\/v2\/comments?post=5222"}],"version-history":[{"count":0,"href":"https:\/\/puertoexperience.com\/en\/wp-json\/wp\/v2\/pages\/5222\/revisions"}],"wp:attachment":[{"href":"https:\/\/puertoexperience.com\/en\/wp-json\/wp\/v2\/media?parent=5222"}],"curies":[{"name":"wp","href":"https:\/\/api.w.org\/{rel}","templated":true}]}}