{"id":5415,"date":"2025-04-22T06:58:20","date_gmt":"2025-04-22T06:58:20","guid":{"rendered":"https:\/\/puertoexperience.com\/?page_id=5415"},"modified":"2025-07-22T02:00:34","modified_gmt":"2025-07-22T02:00:34","slug":"zona-romantica","status":"publish","type":"page","link":"https:\/\/puertoexperience.com\/en\/zona-romantica\/","title":{"rendered":"Zona Romantica"},"content":{"rendered":"<div data-elementor-type=\"wp-page\" data-elementor-id=\"5415\" class=\"elementor elementor-5415\" data-elementor-post-type=\"page\">\n\t\t\t\t\t\t<section class=\"elementor-section elementor-top-section elementor-element elementor-element-e4af622 elementor-section-boxed elementor-section-height-default elementor-section-height-default\" data-id=\"e4af622\" data-element_type=\"section\">\n\t\t\t\t\t\t\t<div class=\"elementor-background-overlay\"><\/div>\n\t\t\t\t\t\t\t<div class=\"elementor-container elementor-column-gap-default\">\n\t\t\t\t\t<div class=\"elementor-column elementor-col-100 elementor-top-column elementor-element elementor-element-84df992\" data-id=\"84df992\" data-element_type=\"column\">\n\t\t\t<div class=\"elementor-widget-wrap\">\n\t\t\t\t\t\t\t<\/div>\n\t\t<\/div>\n\t\t\t\t\t<\/div>\n\t\t<\/section>\n\t\t\t\t<section class=\"elementor-section elementor-top-section elementor-element elementor-element-cf4fedc elementor-section-boxed elementor-section-height-default elementor-section-height-default\" data-id=\"cf4fedc\" data-element_type=\"section\">\n\t\t\t\t\t\t<div class=\"elementor-container elementor-column-gap-default\">\n\t\t\t\t\t<div class=\"elementor-column elementor-col-100 elementor-top-column elementor-element elementor-element-2ebaf4d\" data-id=\"2ebaf4d\" data-element_type=\"column\">\n\t\t\t<div class=\"elementor-widget-wrap elementor-element-populated\">\n\t\t\t\t\t\t<div class=\"elementor-element elementor-element-49525b1 elementor-widget elementor-widget-heading\" data-id=\"49525b1\" data-element_type=\"widget\" data-widget_type=\"heading.default\">\n\t\t\t\t<div class=\"elementor-widget-container\">\n\t\t\t\t\t<h2 class=\"elementor-heading-title elementor-size-default\">Romantic Zone<\/h2>\t\t\t\t<\/div>\n\t\t\t\t<\/div>\n\t\t\t\t<div class=\"elementor-element elementor-element-0f27e2d elementor-widget elementor-widget-text-editor\" data-id=\"0f27e2d\" data-element_type=\"widget\" data-widget_type=\"text-editor.default\">\n\t\t\t\t<div class=\"elementor-widget-container\">\n\t\t\t\t\t\t\t\t\t<h4 class=\"wpte-overview-title\">Description<\/h4><h4 class=\"wp-block-heading\"><strong>Transfer from Puerto Vallarta Airport to the Romantic Zone<\/strong><\/h4><p>Puerto Experience offers a comfortable and charming transfer from Puerto Vallarta International Airport to the famous Romantic Zone. This journey immerses you in a bohemian and welcoming atmosphere, perfect for those looking to enjoy a piece of the heart of Puerto Vallarta.<\/p>\t\t\t\t\t\t\t\t<\/div>\n\t\t\t\t<\/div>\n\t\t\t\t\t<\/div>\n\t\t<\/div>\n\t\t\t\t\t<\/div>\n\t\t<\/section>\n\t\t\t\t<section class=\"elementor-section elementor-top-section elementor-element elementor-element-b0488a9 elementor-section-boxed elementor-section-height-default elementor-section-height-default\" data-id=\"b0488a9\" data-element_type=\"section\">\n\t\t\t\t\t\t<div class=\"elementor-container elementor-column-gap-default\">\n\t\t\t\t\t<div class=\"elementor-column elementor-col-33 elementor-top-column elementor-element elementor-element-32a5f54\" data-id=\"32a5f54\" data-element_type=\"column\">\n\t\t\t<div class=\"elementor-widget-wrap elementor-element-populated\">\n\t\t\t\t\t\t<div class=\"elementor-element elementor-element-488fb73 elementor-widget elementor-widget-image\" data-id=\"488fb73\" data-element_type=\"widget\" data-widget_type=\"image.default\">\n\t\t\t\t<div class=\"elementor-widget-container\">\n\t\t\t\t\t\t\t\t\t\t\t\t\t\t\t<img fetchpriority=\"high\" decoding=\"async\" width=\"1024\" height=\"576\" src=\"https:\/\/puertoexperience.com\/wp-content\/uploads\/2025\/04\/zona-romantic1-1024x576.jpg\" class=\"attachment-large size-large wp-image-5421\" alt=\"\" srcset=\"https:\/\/puertoexperience.com\/wp-content\/uploads\/2025\/04\/zona-romantic1-1024x576.jpg 1024w, https:\/\/puertoexperience.com\/wp-content\/uploads\/2025\/04\/zona-romantic1-300x169.jpg 300w, https:\/\/puertoexperience.com\/wp-content\/uploads\/2025\/04\/zona-romantic1-768x432.jpg 768w, https:\/\/puertoexperience.com\/wp-content\/uploads\/2025\/04\/zona-romantic1-1536x864.jpg 1536w, https:\/\/puertoexperience.com\/wp-content\/uploads\/2025\/04\/zona-romantic1-600x338.jpg 600w, https:\/\/puertoexperience.com\/wp-content\/uploads\/2025\/04\/zona-romantic1.jpg 1920w\" sizes=\"(max-width: 1024px) 100vw, 1024px\" \/>\t\t\t\t\t\t\t\t\t\t\t\t\t\t\t<\/div>\n\t\t\t\t<\/div>\n\t\t\t\t\t<\/div>\n\t\t<\/div>\n\t\t\t\t<div class=\"elementor-column elementor-col-33 elementor-top-column elementor-element elementor-element-e4837d4\" data-id=\"e4837d4\" data-element_type=\"column\">\n\t\t\t<div class=\"elementor-widget-wrap elementor-element-populated\">\n\t\t\t\t\t\t<div class=\"elementor-element elementor-element-6b91fde elementor-widget elementor-widget-heading\" data-id=\"6b91fde\" data-element_type=\"widget\" data-widget_type=\"heading.default\">\n\t\t\t\t<div class=\"elementor-widget-container\">\n\t\t\t\t\t<h2 class=\"elementor-heading-title elementor-size-default\">Romantic Zone<\/h2>\t\t\t\t<\/div>\n\t\t\t\t<\/div>\n\t\t\t\t<div class=\"elementor-element elementor-element-5638c9f elementor-icon-list--layout-traditional elementor-list-item-link-full_width elementor-widget elementor-widget-icon-list\" data-id=\"5638c9f\" data-element_type=\"widget\" data-widget_type=\"icon-list.default\">\n\t\t\t\t<div class=\"elementor-widget-container\">\n\t\t\t\t\t\t\t<ul class=\"elementor-icon-list-items\">\n\t\t\t\t\t\t\t<li class=\"elementor-icon-list-item\">\n\t\t\t\t\t\t\t\t\t\t\t<span class=\"elementor-icon-list-icon\">\n\t\t\t\t\t\t\t<i aria-hidden=\"true\" class=\"fas fa-map-marker-alt\"><\/i>\t\t\t\t\t\t<\/span>\n\t\t\t\t\t\t\t\t\t\t<span class=\"elementor-icon-list-text\">Romantic Zone Zone 2<\/span>\n\t\t\t\t\t\t\t\t\t<\/li>\n\t\t\t\t\t\t\t\t<li class=\"elementor-icon-list-item\">\n\t\t\t\t\t\t\t\t\t\t\t<span class=\"elementor-icon-list-icon\">\n\t\t\t\t\t\t\t<i aria-hidden=\"true\" class=\"fas fa-hourglass-start\"><\/i>\t\t\t\t\t\t<\/span>\n\t\t\t\t\t\t\t\t\t\t<span class=\"elementor-icon-list-text\">20 Minutes<\/span>\n\t\t\t\t\t\t\t\t\t<\/li>\n\t\t\t\t\t\t\t\t<li class=\"elementor-icon-list-item\">\n\t\t\t\t\t\t\t\t\t\t\t<span class=\"elementor-icon-list-icon\">\n\t\t\t\t\t\t\t<i aria-hidden=\"true\" class=\"fas fa-people-arrows\"><\/i>\t\t\t\t\t\t<\/span>\n\t\t\t\t\t\t\t\t\t\t<span class=\"elementor-icon-list-text\">1-12 People <\/span>\n\t\t\t\t\t\t\t\t\t<\/li>\n\t\t\t\t\t\t<\/ul>\n\t\t\t\t\t\t<\/div>\n\t\t\t\t<\/div>\n\t\t\t\t<div class=\"elementor-element elementor-element-63d1fe8 elementor-align-justify elementor-widget elementor-widget-button\" data-id=\"63d1fe8\" data-element_type=\"widget\" data-widget_type=\"button.default\">\n\t\t\t\t<div class=\"elementor-widget-container\">\n\t\t\t\t\t\t\t\t\t<div class=\"elementor-button-wrapper\">\n\t\t\t\t\t<a class=\"elementor-button elementor-button-link elementor-size-sm\" href=\"https:\/\/puertoexperience.com\/en\/reservaciones-pe\/\">\n\t\t\t\t\t\t<span class=\"elementor-button-content-wrapper\">\n\t\t\t\t\t\t<span class=\"elementor-button-icon\">\n\t\t\t\t<i aria-hidden=\"true\" class=\"fas fa-arrow-alt-circle-right\"><\/i>\t\t\t<\/span>\n\t\t\t\t\t\t\t\t\t<span class=\"elementor-button-text\">Booking<\/span>\n\t\t\t\t\t<\/span>\n\t\t\t\t\t<\/a>\n\t\t\t\t<\/div>\n\t\t\t\t\t\t\t\t<\/div>\n\t\t\t\t<\/div>\n\t\t\t\t\t<\/div>\n\t\t<\/div>\n\t\t\t\t<div class=\"elementor-column elementor-col-33 elementor-top-column elementor-element elementor-element-bbcdd5a\" data-id=\"bbcdd5a\" data-element_type=\"column\">\n\t\t\t<div class=\"elementor-widget-wrap elementor-element-populated\">\n\t\t\t\t\t\t<div class=\"elementor-element elementor-element-ef28fdb elementor-widget__width-initial elementor-icon-list--layout-traditional elementor-list-item-link-full_width elementor-widget elementor-widget-icon-list\" data-id=\"ef28fdb\" data-element_type=\"widget\" data-widget_type=\"icon-list.default\">\n\t\t\t\t<div class=\"elementor-widget-container\">\n\t\t\t\t\t\t\t<ul class=\"elementor-icon-list-items\">\n\t\t\t\t\t\t\t<li class=\"elementor-icon-list-item\">\n\t\t\t\t\t\t\t\t\t\t\t<span class=\"elementor-icon-list-icon\">\n\t\t\t\t\t\t\t<i aria-hidden=\"true\" class=\"fas fa-car-side\"><\/i>\t\t\t\t\t\t<\/span>\n\t\t\t\t\t\t\t\t\t\t<span class=\"elementor-icon-list-text\">One-way Sedan       <b>  $59 USD<\/b> 1-3 People<\/span>\n\t\t\t\t\t\t\t\t\t<\/li>\n\t\t\t\t\t\t\t\t<li class=\"elementor-icon-list-item\">\n\t\t\t\t\t\t\t\t\t\t\t<span class=\"elementor-icon-list-icon\">\n\t\t\t\t\t\t\t<i aria-hidden=\"true\" class=\"fas fa-car-side\"><\/i>\t\t\t\t\t\t<\/span>\n\t\t\t\t\t\t\t\t\t\t<span class=\"elementor-icon-list-text\">Round Sedan   <b>  $118 USD  <\/b>1-3 People<\/span>\n\t\t\t\t\t\t\t\t\t<\/li>\n\t\t\t\t\t\t\t\t<li class=\"elementor-icon-list-item\">\n\t\t\t\t\t\t\t\t\t\t\t<span class=\"elementor-icon-list-icon\">\n\t\t\t\t\t\t\t<i aria-hidden=\"true\" class=\"fas fa-shuttle-van\"><\/i>\t\t\t\t\t\t<\/span>\n\t\t\t\t\t\t\t\t\t\t<span class=\"elementor-icon-list-text\">One-Way Suburban   <b>$130 USD <\/b>1-5 People<\/span>\n\t\t\t\t\t\t\t\t\t<\/li>\n\t\t\t\t\t\t\t\t<li class=\"elementor-icon-list-item\">\n\t\t\t\t\t\t\t\t\t\t\t<span class=\"elementor-icon-list-icon\">\n\t\t\t\t\t\t\t<i aria-hidden=\"true\" class=\"fas fa-shuttle-van\"><\/i>\t\t\t\t\t\t<\/span>\n\t\t\t\t\t\t\t\t\t\t<span class=\"elementor-icon-list-text\">Round Suburban <b>$260 USD  <\/b>1-5 People<\/span>\n\t\t\t\t\t\t\t\t\t<\/li>\n\t\t\t\t\t\t\t\t<li class=\"elementor-icon-list-item\">\n\t\t\t\t\t\t\t\t\t\t\t<span class=\"elementor-icon-list-icon\">\n\t\t\t\t\t\t\t<i aria-hidden=\"true\" class=\"fas fa-shuttle-van\"><\/i>\t\t\t\t\t\t<\/span>\n\t\t\t\t\t\t\t\t\t\t<span class=\"elementor-icon-list-text\">One-Way Splinter <b>$153 USD <\/b>1-12 People<\/span>\n\t\t\t\t\t\t\t\t\t<\/li>\n\t\t\t\t\t\t\t\t<li class=\"elementor-icon-list-item\">\n\t\t\t\t\t\t\t\t\t\t\t<span class=\"elementor-icon-list-icon\">\n\t\t\t\t\t\t\t<i aria-hidden=\"true\" class=\"fas fa-shuttle-van\"><\/i>\t\t\t\t\t\t<\/span>\n\t\t\t\t\t\t\t\t\t\t<span class=\"elementor-icon-list-text\">Round Splinter <b>$330 USD <\/b>1-12 People<\/span>\n\t\t\t\t\t\t\t\t\t<\/li>\n\t\t\t\t\t\t<\/ul>\n\t\t\t\t\t\t<\/div>\n\t\t\t\t<\/div>\n\t\t\t\t\t<\/div>\n\t\t<\/div>\n\t\t\t\t\t<\/div>\n\t\t<\/section>\n\t\t\t\t<section class=\"elementor-section elementor-top-section elementor-element elementor-element-76f271f elementor-section-boxed elementor-section-height-default elementor-section-height-default\" data-id=\"76f271f\" data-element_type=\"section\">\n\t\t\t\t\t\t<div class=\"elementor-container elementor-column-gap-default\">\n\t\t\t\t\t<div class=\"elementor-column elementor-col-100 elementor-top-column elementor-element elementor-element-560aa32\" data-id=\"560aa32\" data-element_type=\"column\">\n\t\t\t<div class=\"elementor-widget-wrap elementor-element-populated\">\n\t\t\t\t\t\t<div class=\"elementor-element elementor-element-3251ba7 elementor-widget elementor-widget-text-editor\" data-id=\"3251ba7\" data-element_type=\"widget\" data-widget_type=\"text-editor.default\">\n\t\t\t\t<div class=\"elementor-widget-container\">\n\t\t\t\t\t\t\t\t\t<p><strong>Trip Details:<\/strong><\/p><ul class=\"wp-block-list\"><li><strong>Duration:<\/strong>\u00a0: Approximately 20-30 minutes, depending on traffic.<\/li><li><strong>Comfort:<\/strong>\u00a0The vehicles are modern and spacious, offering a pleasant and stress-free journey. The drivers are friendly and provide excellent service, ensuring you feel welcome from the first moment.<\/li><\/ul><p><strong>Spectacular Views<\/strong><\/p><ul class=\"wp-block-list\"><li><strong>Tropical Landscape:<\/strong>\u00a0As you leave the airport, you'll be greeted by views of the lush tropical vegetation that characterizes the region, with palm trees and colorful flowers adorning the path.<\/li><li><strong>Coast and Sea:<\/strong>\u00a0As you approach the Romantic Zone, you'll admire the city's beautiful beaches and the Pacific Ocean sparkling in the sun, inviting you to a moment of relaxation.<\/li><li><strong>Charming Architecture:<\/strong>\u00a0As you enter the Romantic Zone, you'll begin to notice the charming cobblestone streets, filled with colorful houses and traditional Mexican architecture that create a unique and welcoming atmosphere.<\/li><\/ul><p><strong>Destinations in the Romantic Zone:<\/strong><\/p><ul class=\"wp-block-list\"><li><strong>Playa de los Muertos:<\/strong>\u00a0With its vibrant atmosphere, this beach is the heart of the Romantic Zone, where you can enjoy a delicious cocktail at a beach bar or simply relax in the sun.<\/li><li><strong>Cafes and Restaurants:<\/strong>\u00a0The Romantic Zone is brimming with dining options, from cozy cafes to elegant beachfront restaurants, where you can sample a mix of local and international cuisine.<\/li><li><strong>Nightlife:<\/strong>\u00a0The streets of this area come alive at night, with bars and clubs offering a variety of entertainment, from live music to theme nights, creating a festive and welcoming atmosphere.<\/li><\/ul><p><strong>Conclusion<\/strong>\u00a0The transfer from Puerto Vallarta International Airport to the Romantic Zone is more than just transportation; it's an introduction to the magic and charm of this part of the city. With every mile traveled, the anticipation of enjoying the culture, cuisine, and warmth of your arrival is a memorable introduction to your vacation.<\/p>\t\t\t\t\t\t\t\t<\/div>\n\t\t\t\t<\/div>\n\t\t\t\t\t<\/div>\n\t\t<\/div>\n\t\t\t\t\t<\/div>\n\t\t<\/section>\n\t\t\t\t<section class=\"elementor-section elementor-top-section elementor-element elementor-element-eed2e5a elementor-section-boxed elementor-section-height-default elementor-section-height-default\" data-id=\"eed2e5a\" data-element_type=\"section\">\n\t\t\t\t\t\t<div class=\"elementor-container elementor-column-gap-default\">\n\t\t\t\t\t<div class=\"elementor-column elementor-col-100 elementor-top-column elementor-element elementor-element-4397900\" data-id=\"4397900\" data-element_type=\"column\">\n\t\t\t<div class=\"elementor-widget-wrap elementor-element-populated\">\n\t\t\t\t\t\t<div class=\"elementor-element elementor-element-76cf8fe elementor-widget elementor-widget-text-editor\" data-id=\"76cf8fe\" data-element_type=\"widget\" data-widget_type=\"text-editor.default\">\n\t\t\t\t<div class=\"elementor-widget-container\">\n\t\t\t\t\t\t\t\t\t<div class=\"wte-itinerary-head-wrap\"><h4 class=\"itinerary-title\"><strong><span style=\"color: #000000;\">Hotels in the Romantic Zone<\/span><\/strong><\/h4><\/div><div class=\"itinerary-content show\"><div class=\"content\"><div class=\"itinerary-content show\"><div class=\"content\"><p>Hotel Emperador Vallarta<br \/>Playa Los Arcos Hotel<br \/>Hotel Hacienda Vallarta<br \/>Hotel Villamercedes<br \/>Hotel Pueblito Vallarta<br \/>Hotel Delfin<br \/>Casa Anita<br \/>Hotel Corona del Mar<br \/>Amapas Apartments<br \/>Hotel Tropicus<br \/>Vallarta Sun Suites<\/p><\/div><\/div><\/div><\/div>\t\t\t\t\t\t\t\t<\/div>\n\t\t\t\t<\/div>\n\t\t\t\t\t<\/div>\n\t\t<\/div>\n\t\t\t\t\t<\/div>\n\t\t<\/section>\n\t\t\t\t<section class=\"elementor-section elementor-top-section elementor-element elementor-element-62f8024 elementor-section-boxed elementor-section-height-default elementor-section-height-default\" data-id=\"62f8024\" data-element_type=\"section\">\n\t\t\t\t\t\t<div class=\"elementor-container elementor-column-gap-default\">\n\t\t\t\t\t<div class=\"elementor-column elementor-col-100 elementor-top-column elementor-element elementor-element-154313f\" data-id=\"154313f\" data-element_type=\"column\">\n\t\t\t<div class=\"elementor-widget-wrap elementor-element-populated\">\n\t\t\t\t\t\t<div class=\"elementor-element elementor-element-91d5d58 elementor-widget elementor-widget-text-editor\" data-id=\"91d5d58\" data-element_type=\"widget\" data-widget_type=\"text-editor.default\">\n\t\t\t\t<div class=\"elementor-widget-container\">\n\t\t\t\t\t\t\t\t\t<h2 class=\"wpte-cost-tab-title\">Inclusions and Exclusions<\/h2>\n<div class=\"content\">\n<h3>The Price includes<\/h3>\n<ul id=\"include-result\">\n<li><strong>Ground transportation:<\/strong> The cost includes transportation from the airport to the Romantic Zone.<\/li>\n<li><strong>Airport assistance:<\/strong> The trip includes assistance from an airport representative to assist with transportation.<\/li>\n<li><strong>Passenger insurance:<\/strong> Basic passenger insurance is included during the transfer.<\/li>\n<li><strong>Collection point:<\/strong> The price includes the possibility of being picked up at the airport arrivals area.<\/li>\n<li><strong>Waiting allowed:<\/strong> The cost considers a reasonable wait time in case of flight delays.<\/li>\n<li><strong>Luggage transport:<\/strong> Includes the transfer of up to two pieces of luggage per passenger.<\/li>\n<\/ul>\n<\/div>\n<div class=\"content\">\n<h3>The price does not include<\/h3>\n<ul id=\"exclude-result\">\n<li><strong>Food and drinks:<\/strong> The price of the trip does not include food or drinks.<\/li>\n<li><strong>Tips:<\/strong> Any tips for the driver or support staff are not included in the cost.<\/li>\n<li><strong>Additional services:<\/strong> Any additional services, such as luggage delivery or transfers to other destinations, are not covered.<\/li>\n<li><strong>Additional insurance:<\/strong> Additional insurance covering special situations is not included.<\/li>\n<li><strong>Change of route:<\/strong> If the passenger requests a change in the route, this is not included in the original price.<\/li>\n<\/ul>\n<\/div>\t\t\t\t\t\t\t\t<\/div>\n\t\t\t\t<\/div>\n\t\t\t\t\t<\/div>\n\t\t<\/div>\n\t\t\t\t\t<\/div>\n\t\t<\/section>\n\t\t\t\t<section class=\"elementor-section elementor-top-section elementor-element elementor-element-cb525ed elementor-section-boxed elementor-section-height-default elementor-section-height-default\" data-id=\"cb525ed\" data-element_type=\"section\">\n\t\t\t\t\t\t<div class=\"elementor-container elementor-column-gap-default\">\n\t\t\t\t\t<div class=\"elementor-column elementor-col-100 elementor-top-column elementor-element elementor-element-ddb51e4\" data-id=\"ddb51e4\" data-element_type=\"column\">\n\t\t\t<div class=\"elementor-widget-wrap elementor-element-populated\">\n\t\t\t\t\t\t<div class=\"elementor-element elementor-element-4f9c58a elementor-align-justify elementor-widget elementor-widget-button\" data-id=\"4f9c58a\" data-element_type=\"widget\" data-widget_type=\"button.default\">\n\t\t\t\t<div class=\"elementor-widget-container\">\n\t\t\t\t\t\t\t\t\t<div class=\"elementor-button-wrapper\">\n\t\t\t\t\t<a class=\"elementor-button elementor-button-link elementor-size-sm\" href=\"https:\/\/puertoexperience.com\/en\/reservaciones-pe\/\">\n\t\t\t\t\t\t<span class=\"elementor-button-content-wrapper\">\n\t\t\t\t\t\t<span class=\"elementor-button-icon\">\n\t\t\t\t<i aria-hidden=\"true\" class=\"fas fa-arrow-alt-circle-right\"><\/i>\t\t\t<\/span>\n\t\t\t\t\t\t\t\t\t<span class=\"elementor-button-text\">Booking<\/span>\n\t\t\t\t\t<\/span>\n\t\t\t\t\t<\/a>\n\t\t\t\t<\/div>\n\t\t\t\t\t\t\t\t<\/div>\n\t\t\t\t<\/div>\n\t\t\t\t\t<\/div>\n\t\t<\/div>\n\t\t\t\t\t<\/div>\n\t\t<\/section>\n\t\t\t\t<section class=\"elementor-section elementor-top-section elementor-element elementor-element-704808d elementor-section-boxed elementor-section-height-default elementor-section-height-default\" data-id=\"704808d\" data-element_type=\"section\">\n\t\t\t\t\t\t<div class=\"elementor-container elementor-column-gap-default\">\n\t\t\t\t\t<div class=\"elementor-column elementor-col-100 elementor-top-column elementor-element elementor-element-7b80699\" data-id=\"7b80699\" data-element_type=\"column\">\n\t\t\t<div class=\"elementor-widget-wrap elementor-element-populated\">\n\t\t\t\t\t\t<div class=\"elementor-element elementor-element-3aed59c elementor-widget elementor-widget-heading\" data-id=\"3aed59c\" data-element_type=\"widget\" data-widget_type=\"heading.default\">\n\t\t\t\t<div class=\"elementor-widget-container\">\n\t\t\t\t\t<h2 class=\"elementor-heading-title elementor-size-default\">Romantic Zone Map<\/h2>\t\t\t\t<\/div>\n\t\t\t\t<\/div>\n\t\t\t\t<div class=\"elementor-element elementor-element-2f443fe elementor-widget elementor-widget-text-editor\" data-id=\"2f443fe\" data-element_type=\"widget\" data-widget_type=\"text-editor.default\">\n\t\t\t\t<div class=\"elementor-widget-container\">\n\t\t\t\t\t\t\t\t\t<iframe data-src=\"https:\/\/www.google.com\/maps\/embed?pb=!1m18!1m12!1m3!1d14938.838764091075!2d-105.24485121094689!3d20.59990994510462!2m3!1f0!2f0!3f0!3m2!1i1024!2i768!4f13.1!3m3!1m2!1s0x8421454da95883e5%3A0x6d7ea2859b1edfc4!2sZona%20Rom%C3%A1ntica%2C%20Emiliano%20Zapata%2C%20Puerto%20Vallarta%2C%20Jal.!5e0!3m2!1ses-419!2smx!4v1745305409305!5m2!1ses-419!2smx\" width=\"600\" height=\"450\" style=\"border:0;\" allowfullscreen=\"\" referrerpolicy=\"no-referrer-when-downgrade\" src=\"data:image\/svg+xml;base64,PHN2ZyB3aWR0aD0iMSIgaGVpZ2h0PSIxIiB4bWxucz0iaHR0cDovL3d3dy53My5vcmcvMjAwMC9zdmciPjwvc3ZnPg==\" class=\"lazyload\" data-load-mode=\"1\"><\/iframe>\t\t\t\t\t\t\t\t<\/div>\n\t\t\t\t<\/div>\n\t\t\t\t\t<\/div>\n\t\t<\/div>\n\t\t\t\t\t<\/div>\n\t\t<\/section>\n\t\t\t\t<\/div>","protected":false},"excerpt":{"rendered":"<p>Zona Rom\u00e1ntica Descripci\u00f3n Traslado del Aeropuerto de Puerto Vallarta a la Zona Rom\u00e1ntica Puerto Experience ofrece un traslado c\u00f3modo y encantador desde el Aeropuerto Internacional de Puerto Vallarta hacia la famosa Zona Rom\u00e1ntica. Este trayecto te sumerge en un ambiente bohemio y acogedor, perfecto para quienes buscan disfrutar de un pedazo del coraz\u00f3n de Puerto &hellip;<\/p>\n<p class=\"read-more\"> <a class=\"\" href=\"https:\/\/puertoexperience.com\/en\/zona-romantica\/\"> <span class=\"screen-reader-text\">Zona Romantica<\/span> Read More &raquo;<\/a><\/p>","protected":false},"author":1,"featured_media":0,"parent":0,"menu_order":0,"comment_status":"closed","ping_status":"closed","template":"","meta":{"site-sidebar-layout":"no-sidebar","site-content-layout":"page-builder","ast-global-header-display":"","ast-main-header-display":"","ast-hfb-above-header-display":"","ast-hfb-below-header-display":"","ast-hfb-mobile-header-display":"","site-post-title":"disabled","ast-breadcrumbs-content":"","ast-featured-img":"disabled","footer-sml-layout":"","theme-transparent-header-meta":"","adv-header-id-meta":"","stick-header-meta":"","header-above-stick-meta":"","header-main-stick-meta":"","header-below-stick-meta":"","_glsr_average":0,"_glsr_ranking":0,"_glsr_reviews":0,"footnotes":""},"class_list":["post-5415","page","type-page","status-publish","hentry"],"_links":{"self":[{"href":"https:\/\/puertoexperience.com\/en\/wp-json\/wp\/v2\/pages\/5415","targetHints":{"allow":["GET"]}}],"collection":[{"href":"https:\/\/puertoexperience.com\/en\/wp-json\/wp\/v2\/pages"}],"about":[{"href":"https:\/\/puertoexperience.com\/en\/wp-json\/wp\/v2\/types\/page"}],"author":[{"embeddable":true,"href":"https:\/\/puertoexperience.com\/en\/wp-json\/wp\/v2\/users\/1"}],"replies":[{"embeddable":true,"href":"https:\/\/puertoexperience.com\/en\/wp-json\/wp\/v2\/comments?post=5415"}],"version-history":[{"count":0,"href":"https:\/\/puertoexperience.com\/en\/wp-json\/wp\/v2\/pages\/5415\/revisions"}],"wp:attachment":[{"href":"https:\/\/puertoexperience.com\/en\/wp-json\/wp\/v2\/media?parent=5415"}],"curies":[{"name":"wp","href":"https:\/\/api.w.org\/{rel}","templated":true}]}}